{"id":3772,"date":"2020-09-23T11:46:41","date_gmt":"2020-09-23T09:46:41","guid":{"rendered":"https:\/\/changebycoaching.de\/?page_id=3772"},"modified":"2021-02-15T09:19:32","modified_gmt":"2021-02-15T08:19:32","slug":"room","status":"publish","type":"page","link":"https:\/\/changebycoaching.de\/index.php\/room\/","title":{"rendered":"Ist Coaching Ihr Weg?"},"content":{"rendered":"<h2 style=\"text-align: right;\"><span style=\"color: #00ab84;\">Ist Coaching Ihr Pfad?<br \/><\/span><\/h2>\n<h1><span style=\"color: #f6e500;\">ROOM<\/span><\/h1>\n<h5>Hauptziel von Coaching ist, Selbstgestaltungspotentiale freizulegen, besser zu erschlie\u00dfen und zu nutzen. Damit sollen eigene z\u00fcgige Verbesserungen &amp; anhaltende positive Ver\u00e4nderungen erzielt werden. Daf\u00fcr schaffe ich einen vertrauensvollen Raum, in dem wir diesen (Entwicklungs-)Pfad gemeinsam gehen.<\/h5>\n<h2><span style=\"color: #009fdf;\">Mein Coaching zur Kompetenzentwicklung<\/span><\/h2>\n<p>Mein Coaching zur Kompetenzentwicklung hat das Ziel, \u201eLeader-, Soziale- &amp; Pers\u00f6nliche-Kompetenzen\u201c z\u00fcgig auszubauen; und damit erfolgreicher zu f\u00fchren &amp; (zusammen) zu arbeiten. Ganzheitlich beziehen wir Ihre relevanten Anl\u00e4sse ein, mit Blick auf: F\u00fchrung, Karriere, Konflikte, Entscheidungen, Change &amp; Diversity.<\/p>\n<p>Ich begleite Sie in unserem Coaching, Ihre \u201eKompetenzen &amp; Skills\u201c individuell und an Ihren konkreten pers\u00f6nlichen Erfahrungen und Situationen zu st\u00e4rken. Sie erfahren und erkennen selbst, wie Ihre Anliegen entstanden sind und welches f\u00fcr Sie die richtigen Ans\u00e4tze und Wege zur L\u00f6sung sind. Auf Ihren Wunsch begleite ich Sie dabei bis in die Umsetzung, damit Sie nachhaltige L\u00f6sungen erreichen.<\/p>\n<p>Meine Begleitung hat des Ziel, Verbesserungen effektiver (konzentrierter &amp; fokussierter) und effizienter (in \u00fcberschaubarer Zeit) zu erreichen.<\/p>\n<p>Ich unterscheide begleitendes Coaching von empfehlendem Consulting klar. Ergeben\u00a0sich aus einem Coaching heraus Ansatzpunkte f\u00fcr Consulting, kann daraus ein eigenst\u00e4ndiger Consulting-Auftrag werden.<\/p>\n<h2><span style=\"color: #009fdf;\">Gemeinsame Basis<\/span><\/h2>\n<p>Erfolgreiches Coaching hat eine tragf\u00e4hige Beziehung zwischen Ihnen und mir. Unsere gemeinsame Arbeit wird getragen von gegenseitiger Anerkennung &amp; Akzeptanz, ist gekennzeichnet von gegenseitigem Vertrauen &amp; meiner Diskretion und gr\u00fcndet auf Ihrer Freiwilligkeit.<\/p>\n<p>Sie haben den Wunsch nach Ver\u00e4nderung und Begleitung. Ich bin neutral; und schaffe einen Raum, in dem Sie sich mit Ihren eigenen Werten bewegen und Sie Hauptakteur\u00b7in sind. In unserem Raum herrschen Offenheit &amp; Klarheit, damit wir sicher und erfolgsorientiert an Ihren Anliegen arbeiten k\u00f6nnen.<\/p>\n<h2><span style=\"color: #009fdf;\">Kostenfreies Vorgespr\u00e4ch<\/span><\/h2>\n<p>Sie stellen f\u00fcr sich fest, wie wir zur L\u00f6sung Ihres Anliegens zusammenpassen. Dazu biete ich Ihnen eine Kl\u00e4rung in einem Vorgespr\u00e4ch an. Anfrage und Vorgespr\u00e4ch mit mir sind kostenfrei. Ist f\u00fcr ein Vorgespr\u00e4ch eine Anreise notwendig, berechne ich Reisekosten. Diese Reisekosten vereinbaren\u00a0wir\u00a0vorab.<\/p>\n<h2 style=\"text-align: right;\"><a href=\"https:\/\/changebycoaching.de\/index.php\/coach\/\"><span style=\"color: #00ab84;\">Wer ist Ihr Coach? &gt;&gt;<\/span><\/a><\/h2>\n\n\n<p><\/p>\n<div class=\"shariff shariff-align-center shariff-widget-align-left\" style=\"display:none\"><ul class=\"shariff-buttons theme-round orientation-horizontal buttonsize-medium\"><li class=\"shariff-button whatsapp shariff-nocustomcolor\" style=\"background-color:#5cbe4a;border-radius:50%\"><a href=\"https:\/\/api.whatsapp.com\/send?text=https%3A%2F%2Fchangebycoaching.de%2Findex.php%2Froom%2F%20Ist%20Coaching%20Ihr%20Weg%3F\" title=\"Bei Whatsapp teilen\" aria-label=\"Bei Whatsapp teilen\" role=\"button\" rel=\"noopener nofollow\" class=\"shariff-link\" style=\";border-radius:50%; background-color:#34af23; color:#fff\" target=\"_blank\"><span class=\"shariff-icon\" style=\"\"><svg width=\"32px\" height=\"20px\" xmlns=\"http:\/\/www.w3.org\/2000\/svg\" viewBox=\"0 0 32 32\"><path fill=\"#34af23\" d=\"M17.6 17.4q0.2 0 1.7 0.8t1.6 0.9q0 0.1 0 0.3 0 0.6-0.3 1.4-0.3 0.7-1.3 1.2t-1.8 0.5q-1 0-3.4-1.1-1.7-0.8-3-2.1t-2.6-3.3q-1.3-1.9-1.3-3.5v-0.1q0.1-1.6 1.3-2.8 0.4-0.4 0.9-0.4 0.1 0 0.3 0t0.3 0q0.3 0 0.5 0.1t0.3 0.5q0.1 0.4 0.6 1.6t0.4 1.3q0 0.4-0.6 1t-0.6 0.8q0 0.1 0.1 0.3 0.6 1.3 1.8 2.4 1 0.9 2.7 1.8 0.2 0.1 0.4 0.1 0.3 0 1-0.9t0.9-0.9zM14 26.9q2.3 0 4.3-0.9t3.6-2.4 2.4-3.6 0.9-4.3-0.9-4.3-2.4-3.6-3.6-2.4-4.3-0.9-4.3 0.9-3.6 2.4-2.4 3.6-0.9 4.3q0 3.6 2.1 6.6l-1.4 4.2 4.3-1.4q2.8 1.9 6.2 1.9zM14 2.2q2.7 0 5.2 1.1t4.3 2.9 2.9 4.3 1.1 5.2-1.1 5.2-2.9 4.3-4.3 2.9-5.2 1.1q-3.5 0-6.5-1.7l-7.4 2.4 2.4-7.2q-1.9-3.2-1.9-6.9 0-2.7 1.1-5.2t2.9-4.3 4.3-2.9 5.2-1.1z\"\/><\/svg><\/span><\/a><\/li><li class=\"shariff-button mailto shariff-nocustomcolor\" style=\"background-color:#a8a8a8;border-radius:50%\"><a href=\"mailto:?body=https%3A%2F%2Fchangebycoaching.de%2Findex.php%2Froom%2F&subject=Ist%20Coaching%20Ihr%20Weg%3F\" title=\"Per E-Mail versenden\" aria-label=\"Per E-Mail versenden\" role=\"button\" rel=\"noopener nofollow\" class=\"shariff-link\" style=\";border-radius:50%; background-color:#999; color:#fff\"><span class=\"shariff-icon\" style=\"\"><svg width=\"32px\" height=\"20px\" xmlns=\"http:\/\/www.w3.org\/2000\/svg\" viewBox=\"0 0 32 32\"><path fill=\"#999\" d=\"M32 12.7v14.2q0 1.2-0.8 2t-2 0.9h-26.3q-1.2 0-2-0.9t-0.8-2v-14.2q0.8 0.9 1.8 1.6 6.5 4.4 8.9 6.1 1 0.8 1.6 1.2t1.7 0.9 2 0.4h0.1q0.9 0 2-0.4t1.7-0.9 1.6-1.2q3-2.2 8.9-6.1 1-0.7 1.8-1.6zM32 7.4q0 1.4-0.9 2.7t-2.2 2.2q-6.7 4.7-8.4 5.8-0.2 0.1-0.7 0.5t-1 0.7-0.9 0.6-1.1 0.5-0.9 0.2h-0.1q-0.4 0-0.9-0.2t-1.1-0.5-0.9-0.6-1-0.7-0.7-0.5q-1.6-1.1-4.7-3.2t-3.6-2.6q-1.1-0.7-2.1-2t-1-2.5q0-1.4 0.7-2.3t2.1-0.9h26.3q1.2 0 2 0.8t0.9 2z\"\/><\/svg><\/span><\/a><\/li><li class=\"shariff-button linkedin shariff-nocustomcolor\" style=\"background-color:#1488bf;border-radius:50%\"><a href=\"https:\/\/www.linkedin.com\/sharing\/share-offsite\/?url=https%3A%2F%2Fchangebycoaching.de%2Findex.php%2Froom%2F\" title=\"Bei LinkedIn teilen\" aria-label=\"Bei LinkedIn teilen\" role=\"button\" rel=\"noopener nofollow\" class=\"shariff-link\" style=\";border-radius:50%; background-color:#0077b5; color:#fff\" target=\"_blank\"><span class=\"shariff-icon\" style=\"\"><svg width=\"32px\" height=\"20px\" xmlns=\"http:\/\/www.w3.org\/2000\/svg\" viewBox=\"0 0 27 32\"><path fill=\"#0077b5\" d=\"M6.2 11.2v17.7h-5.9v-17.7h5.9zM6.6 5.7q0 1.3-0.9 2.2t-2.4 0.9h0q-1.5 0-2.4-0.9t-0.9-2.2 0.9-2.2 2.4-0.9 2.4 0.9 0.9 2.2zM27.4 18.7v10.1h-5.9v-9.5q0-1.9-0.7-2.9t-2.3-1.1q-1.1 0-1.9 0.6t-1.2 1.5q-0.2 0.5-0.2 1.4v9.9h-5.9q0-7.1 0-11.6t0-5.3l0-0.9h5.9v2.6h0q0.4-0.6 0.7-1t1-0.9 1.6-0.8 2-0.3q3 0 4.9 2t1.9 6z\"\/><\/svg><\/span><\/a><\/li><li class=\"shariff-button xing shariff-nocustomcolor\" style=\"background-color:#29888a;border-radius:50%\"><a href=\"https:\/\/www.xing.com\/spi\/shares\/new?url=https%3A%2F%2Fchangebycoaching.de%2Findex.php%2Froom%2F\" title=\"Bei XING teilen\" aria-label=\"Bei XING teilen\" role=\"button\" rel=\"noopener nofollow\" class=\"shariff-link\" style=\";border-radius:50%; background-color:#126567; color:#fff\" target=\"_blank\"><span class=\"shariff-icon\" style=\"\"><svg width=\"32px\" height=\"20px\" xmlns=\"http:\/\/www.w3.org\/2000\/svg\" viewBox=\"0 0 25 32\"><path fill=\"#126567\" d=\"M10.7 11.9q-0.2 0.3-4.6 8.2-0.5 0.8-1.2 0.8h-4.3q-0.4 0-0.5-0.3t0-0.6l4.5-8q0 0 0 0l-2.9-5q-0.2-0.4 0-0.7 0.2-0.3 0.5-0.3h4.3q0.7 0 1.2 0.8zM25.1 0.4q0.2 0.3 0 0.7l-9.4 16.7 6 11q0.2 0.4 0 0.6-0.2 0.3-0.6 0.3h-4.3q-0.7 0-1.2-0.8l-6-11.1q0.3-0.6 9.5-16.8 0.4-0.8 1.2-0.8h4.3q0.4 0 0.5 0.3z\"\/><\/svg><\/span><\/a><\/li><li class=\"shariff-button facebook shariff-nocustomcolor\" style=\"background-color:#4273c8;border-radius:50%\"><a href=\"https:\/\/www.facebook.com\/sharer\/sharer.php?u=https%3A%2F%2Fchangebycoaching.de%2Findex.php%2Froom%2F\" title=\"Bei Facebook teilen\" aria-label=\"Bei Facebook teilen\" role=\"button\" rel=\"nofollow\" class=\"shariff-link\" style=\";border-radius:50%; background-color:#3b5998; color:#fff\" target=\"_blank\"><span class=\"shariff-icon\" style=\"\"><svg width=\"32px\" height=\"20px\" xmlns=\"http:\/\/www.w3.org\/2000\/svg\" viewBox=\"0 0 18 32\"><path fill=\"#3b5998\" d=\"M17.1 0.2v4.7h-2.8q-1.5 0-2.1 0.6t-0.5 1.9v3.4h5.2l-0.7 5.3h-4.5v13.6h-5.5v-13.6h-4.5v-5.3h4.5v-3.9q0-3.3 1.9-5.2t5-1.8q2.6 0 4.1 0.2z\"\/><\/svg><\/span><\/a><\/li><\/ul><\/div>","protected":false},"excerpt":{"rendered":"<p>Ist Coaching Ihr Pfad? ROOM Hauptziel von Coaching ist, Selbstgestaltungspotentiale freizulegen, besser zu erschlie\u00dfen und zu nutzen. Damit sollen eigene z\u00fcgige Verbesserungen &amp; anhaltende positive Ver\u00e4nderungen erzielt werden. Daf\u00fcr schaffe ich einen vertrauensvollen Raum, in dem wir diesen (Entwicklungs-)Pfad gemeinsam gehen. Mein Coaching zur Kompetenzentwicklung Mein Coaching zur Kompetenzentwicklung hat das Ziel, \u201eLeader-, Soziale- &amp;&hellip;<\/p>\n","protected":false},"author":1,"featured_media":2453,"parent":0,"menu_order":3,"comment_status":"closed","ping_status":"closed","template":"","meta":{"advanced_seo_description":"","jetpack_seo_html_title":"","jetpack_seo_noindex":false,"jetpack_post_was_ever_published":false,"footnotes":""},"class_list":["post-3772","page","type-page","status-publish","has-post-thumbnail","hentry","entry"],"jetpack_shortlink":"https:\/\/wp.me\/P97RIa-YQ","jetpack-related-posts":[],"jetpack_sharing_enabled":true,"amp_enabled":true,"_links":{"self":[{"href":"https:\/\/changebycoaching.de\/index.php\/wp-json\/wp\/v2\/pages\/3772","targetHints":{"allow":["GET"]}}],"collection":[{"href":"https:\/\/changebycoaching.de\/index.php\/wp-json\/wp\/v2\/pages"}],"about":[{"href":"https:\/\/changebycoaching.de\/index.php\/wp-json\/wp\/v2\/types\/page"}],"author":[{"embeddable":true,"href":"https:\/\/changebycoaching.de\/index.php\/wp-json\/wp\/v2\/users\/1"}],"replies":[{"embeddable":true,"href":"https:\/\/changebycoaching.de\/index.php\/wp-json\/wp\/v2\/comments?post=3772"}],"version-history":[{"count":12,"href":"https:\/\/changebycoaching.de\/index.php\/wp-json\/wp\/v2\/pages\/3772\/revisions"}],"predecessor-version":[{"id":3954,"href":"https:\/\/changebycoaching.de\/index.php\/wp-json\/wp\/v2\/pages\/3772\/revisions\/3954"}],"wp:featuredmedia":[{"embeddable":true,"href":"https:\/\/changebycoaching.de\/index.php\/wp-json\/wp\/v2\/media\/2453"}],"wp:attachment":[{"href":"https:\/\/changebycoaching.de\/index.php\/wp-json\/wp\/v2\/media?parent=3772"}],"curies":[{"name":"wp","href":"https:\/\/api.w.org\/{rel}","templated":true}]}}